{"id":5233,"date":"2026-04-21T13:50:34","date_gmt":"2026-04-21T11:50:34","guid":{"rendered":"https:\/\/vacances-deauville-trouville.com\/?page_id=5233"},"modified":"2026-04-21T13:52:56","modified_gmt":"2026-04-21T11:52:56","slug":"promotional-offers","status":"publish","type":"page","link":"https:\/\/vacances-deauville-trouville.com\/index.php\/en\/promotional-offers\/","title":{"rendered":"Bon Plans &#8211; English"},"content":{"rendered":"\n[et_pb_section fb_built=\u00a0\u00bb1&Prime; _builder_version=\u00a0\u00bb4.27.4&Prime; background_color=\u00a0\u00bb#3263AC\u00a0\u00bb background_image=\u00a0\u00bbhttps:\/\/vacances-deauville-trouville.com\/wp-content\/uploads\/2026\/03\/IMG_4244.png\u00a0\u00bb background_size=\u00a0\u00bbcustom\u00a0\u00bb background_position=\u00a0\u00bbtop_center\u00a0\u00bb background_vertical_offset=\u00a0\u00bb39%\u00a0\u00bb min_height=\u00a0\u00bb349px\u00a0\u00bb custom_margin=\u00a0\u00bb0px||0px||true|false\u00a0\u00bb custom_padding=\u00a0\u00bb60px||5px||false|false\u00a0\u00bb global_colors_info=\u00a0\u00bb{}\u00a0\u00bb theme_builder_area=\u00a0\u00bbpost_content\u00a0\u00bb][et_pb_row _builder_version=\u00a0\u00bb4.27.4&Prime; _module_preset=\u00a0\u00bbdefault\u00a0\u00bb min_height=\u00a0\u00bb234px\u00a0\u00bb custom_margin=\u00a0\u00bb|auto|-3px|auto||\u00a0\u00bb custom_padding=\u00a0\u00bb80px||0px||false|false\u00a0\u00bb global_colors_info=\u00a0\u00bb{}\u00a0\u00bb theme_builder_area=\u00a0\u00bbpost_content\u00a0\u00bb][et_pb_column type=\u00a0\u00bb4_4&Prime; _builder_version=\u00a0\u00bb4.27.4&Prime; _module_preset=\u00a0\u00bbdefault\u00a0\u00bb global_colors_info=\u00a0\u00bb{}\u00a0\u00bb theme_builder_area=\u00a0\u00bbpost_content\u00a0\u00bb][et_pb_text _builder_version=\u00a0\u00bb4.27.6&Prime; _module_preset=\u00a0\u00bbdefault\u00a0\u00bb text_font=\u00a0\u00bb|800|||||||\u00a0\u00bb text_text_color=\u00a0\u00bb#FFFFFF\u00a0\u00bb text_font_size=\u00a0\u00bb56px\u00a0\u00bb text_orientation=\u00a0\u00bbcenter\u00a0\u00bb custom_margin=\u00a0\u00bb24px||45px||false|false\u00a0\u00bb custom_padding=\u00a0\u00bb8px||||false|false\u00a0\u00bb hover_enabled=\u00a0\u00bb0&Prime; text_text_shadow_style=\u00a0\u00bbpreset1&Prime; text_text_shadow_vertical_length=\u00a0\u00bb0em\u00a0\u00bb text_text_shadow_blur_strength=\u00a0\u00bb0.19em\u00a0\u00bb text_text_shadow_color=\u00a0\u00bb#2B4B6C\u00a0\u00bb global_colors_info=\u00a0\u00bb{}\u00a0\u00bb theme_builder_area=\u00a0\u00bbpost_content\u00a0\u00bb sticky_enabled=\u00a0\u00bb0&Prime;]<p>Discounts &#038; Offers<\/p>[\/et_pb_text][et_pb_button button_url=\u00a0\u00bbtel:+33664792020&Prime; button_text=\u00a0\u00bb\ud83d\udcde\u00a0\u00bb disabled_on=\u00a0\u00bboff|on|on\u00a0\u00bb _builder_version=\u00a0\u00bb4.27.6&Prime; _module_preset=\u00a0\u00bbdefault\u00a0\u00bb custom_button=\u00a0\u00bbon\u00a0\u00bb button_text_size=\u00a0\u00bb18px\u00a0\u00bb button_text_color=\u00a0\u00bb#ffffff\u00a0\u00bb button_bg_color=\u00a0\u00bb#A8A8A8&Prime; button_border_width=\u00a0\u00bb2px\u00a0\u00bb button_border_radius=\u00a0\u00bb100px\u00a0\u00bb button_letter_spacing=\u00a0\u00bb0px\u00a0\u00bb button_use_icon=\u00a0\u00bboff\u00a0\u00bb positioning=\u00a0\u00bbfixed\u00a0\u00bb position_origin_f=\u00a0\u00bbbottom_right\u00a0\u00bb z_index=\u00a0\u00bb9999&Prime; locked=\u00a0\u00bboff\u00a0\u00bb global_colors_info=\u00a0\u00bb{}\u00a0\u00bb theme_builder_area=\u00a0\u00bbpost_content\u00a0\u00bb][\/et_pb_button][\/et_pb_column][\/et_pb_row][\/et_pb_section][et_pb_section fb_built=\u00a0\u00bb1&Prime; admin_label=\u00a0\u00bbText &#038; Image\u00a0\u00bb _builder_version=\u00a0\u00bb4.27.4&Prime; _module_preset=\u00a0\u00bbdefault\u00a0\u00bb background_color=\u00a0\u00bb#dbd3c9&Prime; custom_margin=\u00a0\u00bb0px||||false|false\u00a0\u00bb custom_padding=\u00a0\u00bb0px||30px||false|false\u00a0\u00bb locked=\u00a0\u00bboff\u00a0\u00bb collapsed=\u00a0\u00bbon\u00a0\u00bb global_colors_info=\u00a0\u00bb{}\u00a0\u00bb theme_builder_area=\u00a0\u00bbpost_content\u00a0\u00bb][et_pb_row _builder_version=\u00a0\u00bb4.27.4&Prime; _module_preset=\u00a0\u00bb5138c454-be54-4233-bd3b-f8e6a8747976&Prime; background_color=\u00a0\u00bbrgba(255,255,255,0.49)\u00a0\u00bb width=\u00a0\u00bb90%\u00a0\u00bb min_height=\u00a0\u00bb81px\u00a0\u00bb custom_padding=\u00a0\u00bb30px|30px|30px|30px|false|false\u00a0\u00bb border_radii=\u00a0\u00bboff|||20px|20px\u00a0\u00bb box_shadow_style=\u00a0\u00bbpreset1&Prime; locked=\u00a0\u00bboff\u00a0\u00bb global_colors_info=\u00a0\u00bb{}\u00a0\u00bb theme_builder_area=\u00a0\u00bbpost_content\u00a0\u00bb][et_pb_column type=\u00a0\u00bb4_4&Prime; _builder_version=\u00a0\u00bb4.16&Prime; _module_preset=\u00a0\u00bb73121f80-a3ef-4484-8763-c3f18e3c56d2&Prime; global_colors_info=\u00a0\u00bb{}\u00a0\u00bb theme_builder_area=\u00a0\u00bbpost_content\u00a0\u00bb][et_pb_text _builder_version=\u00a0\u00bb4.27.4&Prime; _module_preset=\u00a0\u00bbdefault\u00a0\u00bb text_font=\u00a0\u00bb|800|||||||\u00a0\u00bb text_text_color=\u00a0\u00bb#666666&Prime; text_font_size=\u00a0\u00bb21px\u00a0\u00bb header_3_font=\u00a0\u00bb|600|||||||\u00a0\u00bb text_orientation=\u00a0\u00bbcenter\u00a0\u00bb custom_margin=\u00a0\u00bb0px||||false|false\u00a0\u00bb global_colors_info=\u00a0\u00bb{}\u00a0\u00bb theme_builder_area=\u00a0\u00bbpost_content\u00a0\u00bb]<p><span style=\"font-size: x-large;\"><b>Direct Propri\u00e9taire : Meilleur prix garanti<\/b><\/span><\/p>[\/et_pb_text][et_pb_text _builder_version=\u00a0\u00bb4.27.4&Prime; _module_preset=\u00a0\u00bbdefault\u00a0\u00bb header_4_text_color=\u00a0\u00bb#666666&Prime; width=\u00a0\u00bb100%\u00a0\u00bb max_width=\u00a0\u00bb80%\u00a0\u00bb module_alignment=\u00a0\u00bbcenter\u00a0\u00bb global_colors_info=\u00a0\u00bb{}\u00a0\u00bb theme_builder_area=\u00a0\u00bbpost_content\u00a0\u00bb]<h4 style=\"text-align: center;\"><\/h4>\n<p><span style=\"font-size: 14px;\"><\/span><\/p>\n<h4 style=\"text-align: center;\"><span style=\"font-size: 14px;\">Si vous trouvez moins cher ailleurs (m\u00eame location, m\u00eames dates, m\u00eames conditions), nous <\/span><span style=\"font-size: 14px;\"><strong>alignerons notre prix et nous appliquerons <\/strong><\/span><span style=\"font-size: 14px;\"><strong>en plus une r\u00e9duction de 10%<\/strong>\u00a0sur le prix de la location.\u00a0<\/span><\/h4>[\/et_pb_text][\/et_pb_column][\/et_pb_row][et_pb_row _builder_version=\u00a0\u00bb4.27.4&Prime; _module_preset=\u00a0\u00bb5138c454-be54-4233-bd3b-f8e6a8747976&Prime; background_color=\u00a0\u00bb#FFFFFF\u00a0\u00bb width=\u00a0\u00bb90%\u00a0\u00bb min_height=\u00a0\u00bb81px\u00a0\u00bb custom_margin=\u00a0\u00bb20px||||false|false\u00a0\u00bb custom_padding=\u00a0\u00bb30px|30px|30px|30px|false|false\u00a0\u00bb border_radii=\u00a0\u00bbon|20px|20px|20px|20px\u00a0\u00bb box_shadow_style=\u00a0\u00bbpreset1&Prime; locked=\u00a0\u00bboff\u00a0\u00bb global_colors_info=\u00a0\u00bb{}\u00a0\u00bb theme_builder_area=\u00a0\u00bbpost_content\u00a0\u00bb][et_pb_column type=\u00a0\u00bb4_4&Prime; _builder_version=\u00a0\u00bb4.16&Prime; _module_preset=\u00a0\u00bb73121f80-a3ef-4484-8763-c3f18e3c56d2&Prime; global_colors_info=\u00a0\u00bb{}\u00a0\u00bb theme_builder_area=\u00a0\u00bbpost_content\u00a0\u00bb][et_pb_text _builder_version=\u00a0\u00bb4.27.4&Prime; _module_preset=\u00a0\u00bbdefault\u00a0\u00bb text_font=\u00a0\u00bb|800|||||||\u00a0\u00bb text_text_color=\u00a0\u00bb#3263AC\u00a0\u00bb text_font_size=\u00a0\u00bb21px\u00a0\u00bb header_3_font=\u00a0\u00bb|600|||||||\u00a0\u00bb text_orientation=\u00a0\u00bbcenter\u00a0\u00bb custom_margin=\u00a0\u00bb0px||||false|false\u00a0\u00bb animation_style=\u00a0\u00bbbounce\u00a0\u00bb animation_duration=\u00a0\u00bb1050ms\u00a0\u00bb global_colors_info=\u00a0\u00bb{}\u00a0\u00bb theme_builder_area=\u00a0\u00bbpost_content\u00a0\u00bb]<p><span style=\"font-size: x-large;\"><b>Promos du moment<\/b><\/span><\/p>[\/et_pb_text][et_pb_text _builder_version=\u00a0\u00bb4.27.4&Prime; _module_preset=\u00a0\u00bbdefault\u00a0\u00bb header_4_text_color=\u00a0\u00bb#666666&Prime; max_width=\u00a0\u00bb100%\u00a0\u00bb module_alignment=\u00a0\u00bbright\u00a0\u00bb global_colors_info=\u00a0\u00bb{}\u00a0\u00bb theme_builder_area=\u00a0\u00bbpost_content\u00a0\u00bb]<p style=\"text-align: center;\"><span><strong><span style=\"font-size: xx-large;\">\ud83c\udf37<\/span>AVRIL <\/strong><em>(Jusqu&rsquo;au 23)<\/em><\/span><\/p>\n<p style=\"text-align: center;\"><span><span style=\"font-size: large; color: #3263ac;\"><em><strong>-10%<\/strong><\/em><\/span> sur la location d&rsquo;un s\u00e9jour de <span style=\"text-decoration: underline;\">3 nuits minimum<\/span>\u00a0avec le code\u00a0<strong><em>3N-VAC<\/em><\/strong><strong><em><\/em><\/strong><\/span><\/p>\n<p style=\"text-align: center;\"><span><strong><em><span style=\"font-size: large; color: #3263ac;\">-15%<\/span> <\/em><\/strong>sur la location d&rsquo;un s\u00e9jour de <span style=\"text-decoration: underline;\">4 nuits minimum<\/span>\u00a0avec le code <strong>4<em>N-VAC<\/em><\/strong><\/span><\/p>\n<p style=\"text-align: center;\">[\/et_pb_text][\/et_pb_column][\/et_pb_row][et_pb_row _builder_version=\u00a0\u00bb4.27.4&Prime; _module_preset=\u00a0\u00bb5138c454-be54-4233-bd3b-f8e6a8747976&Prime; background_color=\u00a0\u00bb#FFFFFF\u00a0\u00bb width=\u00a0\u00bb90%\u00a0\u00bb min_height=\u00a0\u00bb81px\u00a0\u00bb custom_margin=\u00a0\u00bb20px||||false|false\u00a0\u00bb custom_padding=\u00a0\u00bb30px|30px|30px|30px|false|false\u00a0\u00bb border_radii=\u00a0\u00bbon|20px|20px|20px|20px\u00a0\u00bb box_shadow_style=\u00a0\u00bbpreset1&Prime; locked=\u00a0\u00bboff\u00a0\u00bb global_colors_info=\u00a0\u00bb{}\u00a0\u00bb theme_builder_area=\u00a0\u00bbpost_content\u00a0\u00bb][et_pb_column type=\u00a0\u00bb4_4&Prime; _builder_version=\u00a0\u00bb4.16&Prime; _module_preset=\u00a0\u00bb73121f80-a3ef-4484-8763-c3f18e3c56d2&Prime; global_colors_info=\u00a0\u00bb{}\u00a0\u00bb theme_builder_area=\u00a0\u00bbpost_content\u00a0\u00bb][et_pb_text _builder_version=\u00a0\u00bb4.27.4&Prime; _module_preset=\u00a0\u00bbdefault\u00a0\u00bb text_font=\u00a0\u00bb|800|||||||\u00a0\u00bb text_text_color=\u00a0\u00bb#3263AC\u00a0\u00bb text_font_size=\u00a0\u00bb21px\u00a0\u00bb header_3_font=\u00a0\u00bb|600|||||||\u00a0\u00bb text_orientation=\u00a0\u00bbcenter\u00a0\u00bb custom_margin=\u00a0\u00bb0px||||false|false\u00a0\u00bb animation_style=\u00a0\u00bbbounce\u00a0\u00bb animation_duration=\u00a0\u00bb1050ms\u00a0\u00bb global_colors_info=\u00a0\u00bb{}\u00a0\u00bb theme_builder_area=\u00a0\u00bbpost_content\u00a0\u00bb]<p><span style=\"font-size: x-large;\"><b>Des bonnes affaires toute l&rsquo;ann\u00e9e<\/b><\/span><\/p>[\/et_pb_text][et_pb_text _builder_version=\u00a0\u00bb4.27.4&Prime; _module_preset=\u00a0\u00bbdefault\u00a0\u00bb header_4_text_color=\u00a0\u00bb#666666&Prime; max_width=\u00a0\u00bb80%\u00a0\u00bb module_alignment=\u00a0\u00bbcenter\u00a0\u00bb global_colors_info=\u00a0\u00bb{}\u00a0\u00bb theme_builder_area=\u00a0\u00bbpost_content\u00a0\u00bb]<p style=\"text-align: center;\"><span><strong><span style=\"font-size: xx-large;\">\ud83d\uddd3<\/span> S\u00c9JOUR D\u20191 SEMAINE :<\/strong><\/span><\/p>\n<p style=\"text-align: center;\"><span>\u00a0<span style=\"font-size: large; color: #3263ac;\"><em><strong>-10%<\/strong><\/em><\/span> sur la location avec le code\u00a0<strong><em>WEEKLY<\/em><\/strong><strong><em><\/em><\/strong><\/span><\/p>\n<p style=\"text-align: center;\"><span style=\"color: #95928d;\">____________________________________<\/span><\/p>\n<p style=\"text-align: center;\"><span><strong><span style=\"font-size: xx-large;\">\u23f3<\/span> DERNIERE MINUTE : R\u00e9servez entre 12h00 et 20h00 le JOUR J <\/strong>\u00a0<\/span><span><span style=\"font-size: large; color: #3263ac;\"><em><strong><\/strong><\/em><\/span><\/span><\/p>\n<p style=\"text-align: center;\">\u26a0\ufe0e R\u00e9servation par t\u00e9l\u00e9phone uniquement<\/p>\n<p style=\"text-align: center;\"><span><span style=\"font-size: large; color: #3263ac;\"><em><strong>-10\u20ac<\/strong><\/em><\/span> sur le prix de la 1\u00e8re nuit \u00e0 L&rsquo;IDEAL 6, L&rsquo;IDEAL 9 ou L&rsquo;IDEAL 56 <\/span><\/p>\n<p style=\"text-align: center;\"><span><strong><em><span style=\"font-size: large; color: #3263ac;\">-20\u20ac\u00a0<\/span><\/em><\/strong>sur le prix de la 1\u00e8re nuit \u00e0 L&rsquo;IDEAL 112\u00a0<\/span><\/p>\n<p style=\"text-align: center;\"><span style=\"color: #95928d;\">____________________________________<\/span><span><\/span><\/p>\n<p style=\"text-align: center;\"><span><strong><span style=\"font-size: xx-large;\">\ud83c\udf82<\/span> OFFRE ANNIVERSAIRE : <\/strong>\u00a0<\/span><\/p>\n<p style=\"text-align: center;\"><span><span style=\"font-size: large; color: #3263ac;\"><em><strong>-20%<\/strong><\/em><\/span> sur le jour J si vous s\u00e9journez chez nous \u00e0 cette date<\/span><\/p>\n<p style=\"text-align: center;\"><span style=\"color: #95928d;\">____________________________________<\/span><span><strong><em><\/em><\/strong><\/span><\/p>\n<p style=\"text-align: center;\"><span><strong><span style=\"font-size: xx-large;\">\ud83d\udc8e<\/span> FIDELITE RECOMPENSEE : <\/strong>\u00a0<\/span><\/p>\n<p style=\"text-align: center;\"><span style=\"font-size: large; color: #3263ac;\"><strong>Frais de m\u00e9nage r\u00e9duits, nuit(s) suppl\u00e9mentaire(s) gratuite(s) &#8230; et jusqu&rsquo;\u00e0 1 semaine offerte par an pour nos clients les plus fid\u00e8les<\/strong><\/span>\u00a0<\/p>[\/et_pb_text][\/et_pb_column][\/et_pb_row][et_pb_row _builder_version=\u00a0\u00bb4.27.4&Prime; _module_preset=\u00a0\u00bbdefault\u00a0\u00bb global_colors_info=\u00a0\u00bb{}\u00a0\u00bb theme_builder_area=\u00a0\u00bbpost_content\u00a0\u00bb][et_pb_column type=\u00a0\u00bb4_4&Prime; _builder_version=\u00a0\u00bb4.27.4&Prime; _module_preset=\u00a0\u00bbdefault\u00a0\u00bb global_colors_info=\u00a0\u00bb{}\u00a0\u00bb theme_builder_area=\u00a0\u00bbpost_content\u00a0\u00bb][et_pb_text _builder_version=\u00a0\u00bb4.27.4&Prime; _module_preset=\u00a0\u00bbdefault\u00a0\u00bb text_font_size=\u00a0\u00bb16px\u00a0\u00bb text_line_height=\u00a0\u00bb1em\u00a0\u00bb global_colors_info=\u00a0\u00bb{}\u00a0\u00bb theme_builder_area=\u00a0\u00bbpost_content\u00a0\u00bb]<p style=\"text-align: center;\"><strong>Revenez r\u00e9guli\u00e8rement pour ne rater aucune promotion !<\/strong><\/p>\n<p style=\"text-align: center;\">\u26a0\ufe0e Les offres ne sont pas cumulables.<\/p>[\/et_pb_text][\/et_pb_column][\/et_pb_row][\/et_pb_section]\n","protected":false},"excerpt":{"rendered":"<p>Discounts &#038; OffersDirect Propri\u00e9taire : Meilleur prix garanti Si vous trouvez moins cher ailleurs (m\u00eame location, m\u00eames dates, m\u00eames conditions), nous alignerons notre prix et nous appliquerons en plus une r\u00e9duction de 10%\u00a0sur le prix de la location.\u00a0Promos du moment\ud83c\udf37AVRIL (Jusqu&rsquo;au 23) -10% sur la location d&rsquo;un s\u00e9jour de 3 nuits minimum\u00a0avec le code\u00a03N-VAC -15% [&hellip;]<\/p>\n","protected":false},"author":1,"featured_media":0,"parent":0,"menu_order":0,"comment_status":"closed","ping_status":"closed","template":"","meta":{"_et_pb_use_builder":"on","_et_pb_old_content":"","_et_gb_content_width":"","footnotes":""},"class_list":["post-5233","page","type-page","status-publish","hentry"],"_links":{"self":[{"href":"https:\/\/vacances-deauville-trouville.com\/index.php\/wp-json\/wp\/v2\/pages\/5233","targetHints":{"allow":["GET"]}}],"collection":[{"href":"https:\/\/vacances-deauville-trouville.com\/index.php\/wp-json\/wp\/v2\/pages"}],"about":[{"href":"https:\/\/vacances-deauville-trouville.com\/index.php\/wp-json\/wp\/v2\/types\/page"}],"author":[{"embeddable":true,"href":"https:\/\/vacances-deauville-trouville.com\/index.php\/wp-json\/wp\/v2\/users\/1"}],"replies":[{"embeddable":true,"href":"https:\/\/vacances-deauville-trouville.com\/index.php\/wp-json\/wp\/v2\/comments?post=5233"}],"version-history":[{"count":3,"href":"https:\/\/vacances-deauville-trouville.com\/index.php\/wp-json\/wp\/v2\/pages\/5233\/revisions"}],"predecessor-version":[{"id":5238,"href":"https:\/\/vacances-deauville-trouville.com\/index.php\/wp-json\/wp\/v2\/pages\/5233\/revisions\/5238"}],"wp:attachment":[{"href":"https:\/\/vacances-deauville-trouville.com\/index.php\/wp-json\/wp\/v2\/media?parent=5233"}],"curies":[{"name":"wp","href":"https:\/\/api.w.org\/{rel}","templated":true}]}}